{"id":13,"date":"2010-11-07T19:58:31","date_gmt":"2010-11-07T18:58:31","guid":{"rendered":"http:\/\/www.tyflosaccessiblesoftware.com\/programaraciegas\/?page_id=13"},"modified":"2018-05-09T06:17:50","modified_gmt":"2018-05-09T05:17:50","slug":"aplicaciones","status":"publish","type":"page","link":"https:\/\/programaraciegas.net\/?page_id=13","title":{"rendered":"Proyectos"},"content":{"rendered":"<p>La mayor\u00eda del software y hardware disponible presenta barreras de accesibilidad para usuarios con discapacidad. Esto se origina en el desconocimiento o desinter\u00e9s de las necesidades de las personas con diversidad funcional por parte de los fabricantes y creadores de productos.<\/p>\n<p>Como desarrollador me dedico a la creaci\u00f3n de aplicaciones inform\u00e1ticas de diverso \u00edndole. Creo en la filosof\u00eda del dise\u00f1o para todos por lo que intento que todos mis desarrollos sigan esa filosof\u00eda.<\/p>\n<p>Todos los desarrollos de software realizados incorporan caracter\u00edsticas de accesibilidad o son dise\u00f1ados siguiendo criterios de dise\u00f1o para todos. Esto garantiza que todas las aplicaciones que ofrezco presentar\u00e1n el m\u00ednimo de barreras de accesibilidad posibles para los diversos perfiles de discapacidad.<\/p>\n<p>En este sitio web se publicar\u00e1n algunas de las aplicaciones software para que sean conocidas por todos los usuarios que visiten este portal.<\/p>\n<h2>Tyflos Accessible Software<\/h2>\n<p>En la p&aacute;gina web de <a href=\"http:\/\/www.tyflosaccessiblesoftware.com\">Tyflos Accessible Software<\/a> se publican todos los proyectos que he realizado as&iacute; como los canales de contacto profesionales que utilizo.<\/p>\n<p><strong>Tyflos Accessible Software<\/strong> es mi sello personal de producci&oacute;n de software en el que intento seguir las pautas del dise&ntilde;o universal y utilizar la accesibilidad como un criterio de calidad de mis productos.<\/p>\n","protected":false},"excerpt":{"rendered":"<p>La mayor\u00eda del software y hardware disponible presenta barreras de accesibilidad para usuarios con discapacidad. Esto se origina en el desconocimiento o desinter\u00e9s de las necesidades de las personas con diversidad funcional por parte de los fabricantes y creadores de productos. Como desarrollador me dedico a la creaci\u00f3n de aplicaciones inform\u00e1ticas de diverso \u00edndole. Creo &hellip; <\/p>\n<p class=\"link-more\"><a href=\"https:\/\/programaraciegas.net\/?page_id=13\" class=\"more-link\">Continuar leyendo<span class=\"screen-reader-text\"> \u00abProyectos\u00bb<\/span><\/a><\/p>\n","protected":false},"author":1,"featured_media":0,"parent":0,"menu_order":2,"comment_status":"closed","ping_status":"closed","template":"","meta":{"footnotes":""},"class_list":["post-13","page","type-page","status-publish","hentry"],"_links":{"self":[{"href":"https:\/\/programaraciegas.net\/index.php?rest_route=\/wp\/v2\/pages\/13","targetHints":{"allow":["GET"]}}],"collection":[{"href":"https:\/\/programaraciegas.net\/index.php?rest_route=\/wp\/v2\/pages"}],"about":[{"href":"https:\/\/programaraciegas.net\/index.php?rest_route=\/wp\/v2\/types\/page"}],"author":[{"embeddable":true,"href":"https:\/\/programaraciegas.net\/index.php?rest_route=\/wp\/v2\/users\/1"}],"replies":[{"embeddable":true,"href":"https:\/\/programaraciegas.net\/index.php?rest_route=%2Fwp%2Fv2%2Fcomments&post=13"}],"version-history":[{"count":0,"href":"https:\/\/programaraciegas.net\/index.php?rest_route=\/wp\/v2\/pages\/13\/revisions"}],"wp:attachment":[{"href":"https:\/\/programaraciegas.net\/index.php?rest_route=%2Fwp%2Fv2%2Fmedia&parent=13"}],"curies":[{"name":"wp","href":"https:\/\/api.w.org\/{rel}","templated":true}]}}