{"id":186,"date":"2012-05-13T21:44:22","date_gmt":"2012-05-13T20:44:22","guid":{"rendered":"http:\/\/www.tyflosaccessiblesoftware.com\/programaraciegas\/?page_id=186"},"modified":"2013-08-28T07:19:11","modified_gmt":"2013-08-28T06:19:11","slug":"tragaperrasaccesible","status":"publish","type":"page","link":"https:\/\/programaraciegas.net\/?page_id=186","title":{"rendered":"Tragaperras accesible"},"content":{"rendered":"<p>\u00bfLa suerte te acompa\u00f1a? \u00bfCrees que eres bueno en los juegos de azar? \u00a1Pon a prueba tu suerte en la MAQUINA TRAGAPERRAS ACCESIBLE!<\/p>\n<p>Haz girar los carriles y consigue la m\u00e1xima puntuaci\u00f3n.<br \/>\nConsigue que en los tres carriles centrales de la m\u00e1quina tragaperras aparezca la misma figura. Bloquea algunos carriles cuando consigas dos figuras iguales en la misma tirada o apuesta tus puntos cuando obtengas una combinaci\u00f3n especial.<\/p>\n<p>Descubre nuevas figuras para la m\u00e1quina tragaperras para acceder a mayores premios. Cuando superes cierta puntuaci\u00f3n en una partida se desbloquear\u00e1n figuras ocultas para la m\u00e1quina.<\/p>\n<p>Este juego no te har\u00e1 ganar ni perder tu dinero, pero te proporcionar\u00e1 momentos divertidos.<\/p>\n<p><img decoding=\"async\" src=\"http:\/\/www.tyflosaccessiblesoftware.com\/programaraciegas\/img\/apps\/accessiblefruitmachine.png\" width=512px height=512px alt=\"Portada de Tragaperras accesible\"><\/p>\n<p>Juego muy sencillo y apto para toda la familia.<\/p>\n<p>Disfruta de los divertidos y atractivos gr\u00e1ficos del juego.<\/p>\n<p>Sum\u00e9rgete en el juego gracias a los divertidos sonidos y la m\u00fasica que acompa\u00f1a al juego.<\/p>\n<p>Juega partidas con 10, 20, 50 \u00f3 100 intentos y consigue la m\u00e1xima puntuaci\u00f3n.<\/p>\n<p>Esta aplicaci\u00f3n es compatible con VOICEOVER para iOS.<\/p>\n<p>Esta aplicaci\u00f3n es compatible con ZOOM para iOS.<\/p>\n<p>Esta aplicaci\u00f3n puede ser jugada por personas con problemas de audici\u00f3n.<\/p>\n<p>Esta aplicaci\u00f3n no requiere registro de usuario ni pagos adicionales para jugar.<\/p>\n<p>Esta aplicaci\u00f3n es compatible con iPhone, iPad y iPod touch.<\/p>\n<p>Disponible en espa\u00f1ol e ingl\u00e9s.<\/p>\n<p>Compra este juego en la App store de Apple utilizando el siguiente enlace: <a href=\"http:\/\/itunes.apple.com\/app\/accessible-fruitmachine\/id525260608?l=es&#038;ls=1&#038;mt=8\" title=\"Tragaperras accesible en la App store\">Comprar Tragaperras accesible en la App store<\/a><\/p>\n","protected":false},"excerpt":{"rendered":"<p>\u00bfLa suerte te acompa\u00f1a? \u00bfCrees que eres bueno en los juegos de azar? \u00a1Pon a prueba tu suerte en la MAQUINA TRAGAPERRAS ACCESIBLE! Haz girar los carriles y consigue la m\u00e1xima puntuaci\u00f3n. Consigue que en los tres carriles centrales de la m\u00e1quina tragaperras aparezca la misma figura. Bloquea algunos carriles cuando consigas dos figuras iguales &hellip; <\/p>\n<p class=\"link-more\"><a href=\"https:\/\/programaraciegas.net\/?page_id=186\" class=\"more-link\">Continuar leyendo<span class=\"screen-reader-text\"> \u00abTragaperras accesible\u00bb<\/span><\/a><\/p>\n","protected":false},"author":1,"featured_media":0,"parent":13,"menu_order":3,"comment_status":"closed","ping_status":"closed","template":"","meta":{"footnotes":""},"class_list":["post-186","page","type-page","status-publish","hentry"],"_links":{"self":[{"href":"https:\/\/programaraciegas.net\/index.php?rest_route=\/wp\/v2\/pages\/186","targetHints":{"allow":["GET"]}}],"collection":[{"href":"https:\/\/programaraciegas.net\/index.php?rest_route=\/wp\/v2\/pages"}],"about":[{"href":"https:\/\/programaraciegas.net\/index.php?rest_route=\/wp\/v2\/types\/page"}],"author":[{"embeddable":true,"href":"https:\/\/programaraciegas.net\/index.php?rest_route=\/wp\/v2\/users\/1"}],"replies":[{"embeddable":true,"href":"https:\/\/programaraciegas.net\/index.php?rest_route=%2Fwp%2Fv2%2Fcomments&post=186"}],"version-history":[{"count":0,"href":"https:\/\/programaraciegas.net\/index.php?rest_route=\/wp\/v2\/pages\/186\/revisions"}],"up":[{"embeddable":true,"href":"https:\/\/programaraciegas.net\/index.php?rest_route=\/wp\/v2\/pages\/13"}],"wp:attachment":[{"href":"https:\/\/programaraciegas.net\/index.php?rest_route=%2Fwp%2Fv2%2Fmedia&parent=186"}],"curies":[{"name":"wp","href":"https:\/\/api.w.org\/{rel}","templated":true}]}}