{"id":325,"date":"2014-02-24T22:25:08","date_gmt":"2014-02-24T21:25:08","guid":{"rendered":"http:\/\/www.programaraciegas.net\/?page_id=325"},"modified":"2014-02-24T22:25:08","modified_gmt":"2014-02-24T21:25:08","slug":"othelo-accesible","status":"publish","type":"page","link":"https:\/\/programaraciegas.net\/?page_id=325","title":{"rendered":"Othelo accesible"},"content":{"rendered":"<p>El juego de estrategia en el que tu objetivo es conquistar el tablero con las fichas de tu color.<\/p>\n<p>Coloca las fichas de tu color en el tablero rodeando las fichas de tu oponente.<\/p>\n<p>Cuando las fichas de tu oponente est\u00e9n encerradas entre dos fichas de tu color ser\u00e1n convertidas a tu color.<\/p>\n<p> Ganar\u00e1 el jugador que consiga m\u00e1s fichas de su color en el tablero.<\/p>\n<p> Juega con las reglas de campeonato o en un modo simplificado.<\/p>\n<p> Se incluyen tres niveles de dificultad para jugar contra tu iPhone o tu iPad.<\/p>\n<p><img decoding=\"async\" src=\"http:\/\/www.tyflosaccessiblesoftware.com\/programaraciegas\/img\/apps\/accessibleothello.png\" alt=\"Portada de Othelo accesible\"><\/p>\n<h2>Reglas:<\/h2>\n<ul>\n<li>Las casillas se denotan numerando las columnas, comenzando por la esquina superior izquierda del tablero, con letras de la A a la H, e igual con las filas, pero con n\u00fameros del uno al ocho.<\/li>\n<li>Cada jugador est\u00e1 representado por un color.<\/li>\n<li>Al comenzar una partida se colocan 2 fichas de cada color en el centro del tablero.<\/li>\n<li>Los jugadores deben hacer un movimiento v\u00e1lido por turno, a menos que no puedan hacer ninguno, pasando en ese caso el turno al jugador contrario.<\/li>\n<li> El movimiento v\u00e1lido en el modo campeonato consiste en colocar una ficha de forma que flanquee una o varias fichas del color contrario y voltear esas fichas para que pasen a mostrar el propio color.<\/li>\n<li> El movimiento v\u00e1lido en el modo simplificado consiste en colocar una ficha en una casilla adyacente a otra casilla en la que ya haya una ficha sin necesidad de que  para considerar v\u00e1lido el movimiento se tengan que voltear fichas del color contrario.<\/li>\n<li>Al hacer un movimiento v\u00e1lido se voltean todas las fichas que se han flanqueado en ese turno al colocar la ficha del color contrario. Esas fichas, para que est\u00e9n flanqueadas, deben formar una l\u00ednea continua recta (diagonal, vertical u horizontal) de fichas del mismo color entre dos fichas del color contrario.<\/li>\n<li> La partida finaliza cuando ning\u00fan jugador puede mover (normalmente cuando el tablero est\u00e1 lleno de fichas) y gana quien en ese momento tenga sobre el tablero m\u00e1s fichas mostrando su color.<\/li>\n<\/ul>\n<p>Esta aplicaci\u00f3n es compatible con VOICEOVER para iOS.<\/p>\n<p>Esta aplicaci\u00f3n es compatible con ZOOM para iOS.<\/p>\n<p>Esta aplicaci\u00f3n puede ser jugada por personas con problemas de audici\u00f3n.<\/p>\n<p>Esta aplicaci\u00f3n no requiere registro de usuario ni pagos adicionales para jugar.<\/p>\n<p>Esta aplicaci\u00f3n es compatible con iPhone, iPad y iPod touch.<\/p>\n<p>Disponible en espa\u00f1ol e ingl\u00e9s<\/p>\n<\/p>\n<p>Compra <a href=\"http:\/\/www.appstore.com\/accessibleothello\">Othelo accesible en la AppStore<\/a><\/p>\n","protected":false},"excerpt":{"rendered":"<p>El juego de estrategia en el que tu objetivo es conquistar el tablero con las fichas de tu color. Coloca las fichas de tu color en el tablero rodeando las fichas de tu oponente. Cuando las fichas de tu oponente est\u00e9n encerradas entre dos fichas de tu color ser\u00e1n convertidas a tu color. Ganar\u00e1 el &hellip; <\/p>\n<p class=\"link-more\"><a href=\"https:\/\/programaraciegas.net\/?page_id=325\" class=\"more-link\">Continuar leyendo<span class=\"screen-reader-text\"> \u00abOthelo accesible\u00bb<\/span><\/a><\/p>\n","protected":false},"author":1,"featured_media":0,"parent":13,"menu_order":3,"comment_status":"closed","ping_status":"closed","template":"","meta":{"footnotes":""},"class_list":["post-325","page","type-page","status-publish","hentry"],"_links":{"self":[{"href":"https:\/\/programaraciegas.net\/index.php?rest_route=\/wp\/v2\/pages\/325","targetHints":{"allow":["GET"]}}],"collection":[{"href":"https:\/\/programaraciegas.net\/index.php?rest_route=\/wp\/v2\/pages"}],"about":[{"href":"https:\/\/programaraciegas.net\/index.php?rest_route=\/wp\/v2\/types\/page"}],"author":[{"embeddable":true,"href":"https:\/\/programaraciegas.net\/index.php?rest_route=\/wp\/v2\/users\/1"}],"replies":[{"embeddable":true,"href":"https:\/\/programaraciegas.net\/index.php?rest_route=%2Fwp%2Fv2%2Fcomments&post=325"}],"version-history":[{"count":0,"href":"https:\/\/programaraciegas.net\/index.php?rest_route=\/wp\/v2\/pages\/325\/revisions"}],"up":[{"embeddable":true,"href":"https:\/\/programaraciegas.net\/index.php?rest_route=\/wp\/v2\/pages\/13"}],"wp:attachment":[{"href":"https:\/\/programaraciegas.net\/index.php?rest_route=%2Fwp%2Fv2%2Fmedia&parent=325"}],"curies":[{"name":"wp","href":"https:\/\/api.w.org\/{rel}","templated":true}]}}