{"id":38,"date":"2011-01-09T09:16:47","date_gmt":"2011-01-09T08:16:47","guid":{"rendered":"http:\/\/www.tyflosaccessiblesoftware.com\/programaraciegas\/"},"modified":"2013-08-28T07:21:58","modified_gmt":"2013-08-28T06:21:58","slug":"buscaminas-accesible-para-ios","status":"publish","type":"page","link":"https:\/\/programaraciegas.net\/?page_id=38","title":{"rendered":"Buscaminas accesible para iOS"},"content":{"rendered":"<p>Buscaminas accesible es un divertido juego de estrategia donde tu misi\u00f3n es la de encontrar las bombas que est\u00e1n ocultas en el tablero. Para ganar este juego necesitar\u00e1s de tu inteligencia para deducir d\u00f3nde se encuentran las bombas.<\/p>\n<p><img decoding=\"async\" src=\"http:\/\/www.tyflosaccessiblesoftware.com\/programaraciegas\/img\/apps\/accessibleminesweeper.png\" width=512px height=512px alt=\"Portada de Buscaminas accesible\"><\/p>\n<p>Buscaminas accesible se ha convertido en el primer desarrollo para iOS creado y desarrollado por un programador ciego. Con este desarrollo busqu\u00e9 demostrar la posibilidad de crear aplicaciones complejas que utilicen controles no est\u00e1ndares y que resulten accesibles para todos los perfiles de usuario con y sin discapacidad.<\/p>\n<p>Este juego es compatible con voiceOver. Los usuarios ciegos pueden disfrutar de la diversi\u00f3n que ofrece este programa.<\/p>\n<p>El juego incluye caracter\u00edsticas que permiten disfrutar del juego a una persona sorda. Para ello se incluye una banda textual en la pantalla para apoyar a la comunicaci\u00f3n mediante sonidos durante el juego.<\/p>\n<p>El juego permite jugar, de forma m\u00e1s c\u00f3moda, a los jugadores con problemas de movilidad en las manos o que utilicen un apuntador bucal. Para ello se han incluido alternativas a gestos complejos en la pantalla.<\/p>\n<p>Buscaminas accesible se ha convertido en el primer desarrollo para iOS creado y desarrollado por un programador ciego. Con este desarrollo busqu\u00e9 demostrar la posibilidad de crear aplicaciones complejas que utilicen controles no est\u00e1ndares y que resulten accesibles para todos los perfiles de usuario con y sin discapacidad.<\/p>\n<p>El juego, actualmente, est\u00e1 traducido a m\u00e1s de 5 idiomas gracias a la colaboraci\u00f3n de personas que han cre\u00eddo en este proyecto.<\/p>\n<p>Puedes adquirir el Buscaminas accesible para tu dispositivo iOS a trav\u00e9s de la App Store de Apple utilizando el enlace al <a href=\"http:\/\/www.appstore.com\/accessibleminesweeper\">Buscaminas accesible en la App Store<\/a>.<\/p>\n","protected":false},"excerpt":{"rendered":"<p>Buscaminas accesible es un divertido juego de estrategia donde tu misi\u00f3n es la de encontrar las bombas que est\u00e1n ocultas en el tablero. Para ganar este juego necesitar\u00e1s de tu inteligencia para deducir d\u00f3nde se encuentran las bombas. Buscaminas accesible se ha convertido en el primer desarrollo para iOS creado y desarrollado por un programador &hellip; <\/p>\n<p class=\"link-more\"><a href=\"https:\/\/programaraciegas.net\/?page_id=38\" class=\"more-link\">Continuar leyendo<span class=\"screen-reader-text\"> \u00abBuscaminas accesible para iOS\u00bb<\/span><\/a><\/p>\n","protected":false},"author":1,"featured_media":0,"parent":13,"menu_order":2,"comment_status":"closed","ping_status":"closed","template":"","meta":{"footnotes":""},"class_list":["post-38","page","type-page","status-publish","hentry"],"_links":{"self":[{"href":"https:\/\/programaraciegas.net\/index.php?rest_route=\/wp\/v2\/pages\/38","targetHints":{"allow":["GET"]}}],"collection":[{"href":"https:\/\/programaraciegas.net\/index.php?rest_route=\/wp\/v2\/pages"}],"about":[{"href":"https:\/\/programaraciegas.net\/index.php?rest_route=\/wp\/v2\/types\/page"}],"author":[{"embeddable":true,"href":"https:\/\/programaraciegas.net\/index.php?rest_route=\/wp\/v2\/users\/1"}],"replies":[{"embeddable":true,"href":"https:\/\/programaraciegas.net\/index.php?rest_route=%2Fwp%2Fv2%2Fcomments&post=38"}],"version-history":[{"count":0,"href":"https:\/\/programaraciegas.net\/index.php?rest_route=\/wp\/v2\/pages\/38\/revisions"}],"up":[{"embeddable":true,"href":"https:\/\/programaraciegas.net\/index.php?rest_route=\/wp\/v2\/pages\/13"}],"wp:attachment":[{"href":"https:\/\/programaraciegas.net\/index.php?rest_route=%2Fwp%2Fv2%2Fmedia&parent=38"}],"curies":[{"name":"wp","href":"https:\/\/api.w.org\/{rel}","templated":true}]}}