{"id":391,"date":"2015-04-16T04:08:42","date_gmt":"2015-04-16T03:08:42","guid":{"rendered":"http:\/\/www.programaraciegas.net\/?page_id=391"},"modified":"2015-04-30T08:17:01","modified_gmt":"2015-04-30T07:17:01","slug":"sopa-de-letras-accesible","status":"publish","type":"page","link":"https:\/\/programaraciegas.net\/?page_id=391","title":{"rendered":"Sopa de letras accesible"},"content":{"rendered":"<p>Juega a la sopa de letras accesible y diviertete aprendiendo.<\/p>\n<p> La sopa de letras accesible esconde palabras de diversas categor\u00edas.<br \/>\n Las palabras se esconden en horizontal, vertical y diagonal.<\/p>\n<p>Puedes seleccionar el tama\u00f1o del tablero y el n\u00famero de palabras en la sopa.<\/p>\n<p>Puedes pedir pistas para encontrar las palabras m\u00e1s escondidas en la sopa.<\/p>\n<p><img loading=\"lazy\" decoding=\"async\" src=\"http:\/\/www.programaraciegas.net\/blog\/wp-content\/uploads\/2015\/04\/Portada-SopaDeLetrasAccesible-300x300.jpg\" alt=\"Portada de Sopa de letras accesible\" width=\"300\" height=\"300\" class=\"alignnone size-medium wp-image-392\" srcset=\"https:\/\/tyflosaccessiblesoftware.com\/programaraciegas\/blog\/wp-content\/uploads\/2015\/04\/Portada-SopaDeLetrasAccesible-300x300.jpg 300w, https:\/\/tyflosaccessiblesoftware.com\/programaraciegas\/blog\/wp-content\/uploads\/2015\/04\/Portada-SopaDeLetrasAccesible-150x150.jpg 150w, https:\/\/tyflosaccessiblesoftware.com\/programaraciegas\/blog\/wp-content\/uploads\/2015\/04\/Portada-SopaDeLetrasAccesible.jpg 1024w\" sizes=\"auto, (max-width: 300px) 100vw, 300px\" \/><\/p>\n<p>El juego incluye las siguientes categor\u00edas de palabras:<\/p>\n<ul>\n<li>Animales (Espa\u00f1ol)<\/li>\n<li>Animals (English)<\/li>\n<li>Colores (Espa\u00f1ol)<\/li>\n<li>Colours (English)<\/li>\n<li>Cuerpo humano (Espa\u00f1ol)<\/li>\n<li>Human body (English)<\/li>\n<li>Instrumentos musicales (Espa\u00f1ol)<\/li>\n<li>Musical instruments (English)<\/li>\n<li>Profesiones (Espa\u00f1ol)<\/li>\n<li>Professions and jobs (English)<\/li>\n<\/ul>\n<p>Consigue puntos y comparte tu puntuaci\u00f3n en Game Center.<\/p>\n<p>Esta aplicaci\u00f3n es compatible con VOICEOVER para iOS.<\/p>\n<p>Esta aplicaci\u00f3n es compatible con ZOOM para iOS.<\/p>\n<p>Esta aplicaci\u00f3n puede ser jugada por personas con problemas de audici\u00f3n.<\/p>\n<p>Esta aplicaci\u00f3n no requiere registro de usuario ni pagos adicionales para jugar.<\/p>\n<p>Disponible en espa\u00f1ol e ingl\u00e9s.<\/p>\n<p>Compra <a href=\"http:\/\/www.appstore.com\/accessiblelettersoup\">Sopa de letras accesible en la AppStore<\/a><\/p>\n","protected":false},"excerpt":{"rendered":"<p>Juega a la sopa de letras accesible y diviertete aprendiendo. La sopa de letras accesible esconde palabras de diversas categor\u00edas. Las palabras se esconden en horizontal, vertical y diagonal. Puedes seleccionar el tama\u00f1o del tablero y el n\u00famero de palabras en la sopa. Puedes pedir pistas para encontrar las palabras m\u00e1s escondidas en la sopa. &hellip; <\/p>\n<p class=\"link-more\"><a href=\"https:\/\/programaraciegas.net\/?page_id=391\" class=\"more-link\">Continuar leyendo<span class=\"screen-reader-text\"> \u00abSopa de letras accesible\u00bb<\/span><\/a><\/p>\n","protected":false},"author":1,"featured_media":0,"parent":13,"menu_order":6,"comment_status":"closed","ping_status":"closed","template":"","meta":{"footnotes":""},"class_list":["post-391","page","type-page","status-publish","hentry"],"_links":{"self":[{"href":"https:\/\/programaraciegas.net\/index.php?rest_route=\/wp\/v2\/pages\/391","targetHints":{"allow":["GET"]}}],"collection":[{"href":"https:\/\/programaraciegas.net\/index.php?rest_route=\/wp\/v2\/pages"}],"about":[{"href":"https:\/\/programaraciegas.net\/index.php?rest_route=\/wp\/v2\/types\/page"}],"author":[{"embeddable":true,"href":"https:\/\/programaraciegas.net\/index.php?rest_route=\/wp\/v2\/users\/1"}],"replies":[{"embeddable":true,"href":"https:\/\/programaraciegas.net\/index.php?rest_route=%2Fwp%2Fv2%2Fcomments&post=391"}],"version-history":[{"count":0,"href":"https:\/\/programaraciegas.net\/index.php?rest_route=\/wp\/v2\/pages\/391\/revisions"}],"up":[{"embeddable":true,"href":"https:\/\/programaraciegas.net\/index.php?rest_route=\/wp\/v2\/pages\/13"}],"wp:attachment":[{"href":"https:\/\/programaraciegas.net\/index.php?rest_route=%2Fwp%2Fv2%2Fmedia&parent=391"}],"curies":[{"name":"wp","href":"https:\/\/api.w.org\/{rel}","templated":true}]}}